{"id":83,"date":"2025-08-25T03:51:59","date_gmt":"2025-08-25T01:51:59","guid":{"rendered":"https:\/\/www.tomashlad.eu\/klient\/cspatologie\/?page_id=83"},"modified":"2026-02-25T08:18:31","modified_gmt":"2026-02-25T07:18:31","slug":"inzerce","status":"publish","type":"page","link":"https:\/\/www.cspatologie.cz\/en\/inzerce\/","title":{"rendered":"Instructions for Authors"},"content":{"rendered":"\n<h2 class=\"wp-block-heading\">For the journal &#8220;\u010cesko-slovensk\u00e1 patologie (Czech and Slovak Pathology):<\/h2>\n\n\n\n<p>For the manuscript submission use the submission site above.<br>Instructions for authors <a href=\"https:\/\/www.cspatologie.cz\/en\/wp-content\/uploads\/2026\/02\/EN_INSTRUCTIONS_FOR_AUTHORS_-_Cesk_Patol.pdf\">here<\/a>.<br>Reference format for EndNote <a href=\"https:\/\/cspatologie.cz\/CeskPatol_EndNoteStyle.ens\">here<\/a>.<\/p>\n\n\n\n<h2 class=\"wp-block-heading\">For the journal &#8220;Soudn\u00ed L\u00e9ka\u0159stv\u00ed (Forensic Medicine):<\/h2>\n\n\n\n<p>Miroslav Hirt, Prof., M.D., Ph.D. &#8211; Editor-in-Chief<\/p>\n\n\n\n<p>Dept. of Forensic Medicine, Tvrd\u00e9ho 2a, 662 99 Brno, Czech Republic<\/p>\n\n\n\n<p>E-mail:&nbsp;<a href=\"mailto:hirt@fnusa.cz\" target=\"_blank\" rel=\"noreferrer noopener\">hirt@fnusa.cz<\/a><\/p>\n","protected":false},"excerpt":{"rendered":"<p>For the journal &#8220;\u010cesko-slovensk\u00e1 patologie (Czech and Slovak Pathology): For the manuscript submission use the submission site above.Instructions for authors here.Reference format for EndNote here. For the journal &#8220;Soudn\u00ed L\u00e9ka\u0159stv\u00ed (Forensic Medicine): Miroslav Hirt, Prof., M.D., Ph.D. &#8211; Editor-in-Chief Dept. of Forensic Medicine, Tvrd\u00e9ho 2a, 662 99 Brno, Czech Republic E-mail:&nbsp;hirt@fnusa.cz<\/p>\n","protected":false},"author":1,"featured_media":0,"parent":0,"menu_order":0,"comment_status":"closed","ping_status":"closed","template":"","meta":{"_acf_changed":false,"footnotes":""},"class_list":["post-83","page","type-page","status-publish","hentry"],"acf":[],"yoast_head":"<!-- This site is optimized with the Yoast SEO plugin v25.7 - https:\/\/yoast.com\/wordpress\/plugins\/seo\/ -->\n<title>Instructions for Authors - \u010cesko-Slovensk\u00e1 Patalogie<\/title>\n<meta name=\"robots\" content=\"index, follow, max-snippet:-1, max-image-preview:large, max-video-preview:-1\" \/>\n<link rel=\"canonical\" href=\"https:\/\/www.cspatologie.cz\/en\/inzerce\/\" \/>\n<meta property=\"og:locale\" content=\"en_US\" \/>\n<meta property=\"og:type\" content=\"article\" \/>\n<meta property=\"og:title\" content=\"Instructions for Authors - \u010cesko-Slovensk\u00e1 Patalogie\" \/>\n<meta property=\"og:description\" content=\"For the journal &#8220;\u010cesko-slovensk\u00e1 patologie (Czech and Slovak Pathology): For the manuscript submission use the submission site above.Instructions for authors here.Reference format for EndNote here. For the journal &#8220;Soudn\u00ed L\u00e9ka\u0159stv\u00ed (Forensic Medicine): Miroslav Hirt, Prof., M.D., Ph.D. &#8211; Editor-in-Chief Dept. of Forensic Medicine, Tvrd\u00e9ho 2a, 662 99 Brno, Czech Republic E-mail:&nbsp;hirt@fnusa.cz\" \/>\n<meta property=\"og:url\" content=\"https:\/\/www.cspatologie.cz\/en\/inzerce\/\" \/>\n<meta property=\"og:site_name\" content=\"\u010cesko-Slovensk\u00e1 Patalogie\" \/>\n<meta property=\"article:modified_time\" content=\"2026-02-25T07:18:31+00:00\" \/>\n<meta name=\"twitter:card\" content=\"summary_large_image\" \/>\n<meta name=\"twitter:label1\" content=\"Est. reading time\" \/>\n\t<meta name=\"twitter:data1\" content=\"1 minute\" \/>\n<script type=\"application\/ld+json\" class=\"yoast-schema-graph\">{\"@context\":\"https:\/\/schema.org\",\"@graph\":[{\"@type\":\"WebPage\",\"@id\":\"https:\/\/www.cspatologie.cz\/en\/inzerce\/\",\"url\":\"https:\/\/www.cspatologie.cz\/en\/inzerce\/\",\"name\":\"Instructions for Authors - \u010cesko-Slovensk\u00e1 Patalogie\",\"isPartOf\":{\"@id\":\"https:\/\/www.cspatologie.cz\/en\/#website\"},\"datePublished\":\"2025-08-25T01:51:59+00:00\",\"dateModified\":\"2026-02-25T07:18:31+00:00\",\"breadcrumb\":{\"@id\":\"https:\/\/www.cspatologie.cz\/en\/inzerce\/#breadcrumb\"},\"inLanguage\":\"en-US\",\"potentialAction\":[{\"@type\":\"ReadAction\",\"target\":[\"https:\/\/www.cspatologie.cz\/en\/inzerce\/\"]}]},{\"@type\":\"BreadcrumbList\",\"@id\":\"https:\/\/www.cspatologie.cz\/en\/inzerce\/#breadcrumb\",\"itemListElement\":[{\"@type\":\"ListItem\",\"position\":1,\"name\":\"Dom\u016f\",\"item\":\"https:\/\/www.cspatologie.cz\/en\/\"},{\"@type\":\"ListItem\",\"position\":2,\"name\":\"Instructions for Authors\"}]},{\"@type\":\"WebSite\",\"@id\":\"https:\/\/www.cspatologie.cz\/en\/#website\",\"url\":\"https:\/\/www.cspatologie.cz\/en\/\",\"name\":\"\u010cesko-Slovensk\u00e1 Patalogie\",\"description\":\"\",\"potentialAction\":[{\"@type\":\"SearchAction\",\"target\":{\"@type\":\"EntryPoint\",\"urlTemplate\":\"https:\/\/www.cspatologie.cz\/en\/?s={search_term_string}\"},\"query-input\":{\"@type\":\"PropertyValueSpecification\",\"valueRequired\":true,\"valueName\":\"search_term_string\"}}],\"inLanguage\":\"en-US\"}]}<\/script>\n<!-- \/ Yoast SEO plugin. -->","yoast_head_json":{"title":"Instructions for Authors - \u010cesko-Slovensk\u00e1 Patalogie","robots":{"index":"index","follow":"follow","max-snippet":"max-snippet:-1","max-image-preview":"max-image-preview:large","max-video-preview":"max-video-preview:-1"},"canonical":"https:\/\/www.cspatologie.cz\/en\/inzerce\/","og_locale":"en_US","og_type":"article","og_title":"Instructions for Authors - \u010cesko-Slovensk\u00e1 Patalogie","og_description":"For the journal &#8220;\u010cesko-slovensk\u00e1 patologie (Czech and Slovak Pathology): For the manuscript submission use the submission site above.Instructions for authors here.Reference format for EndNote here. For the journal &#8220;Soudn\u00ed L\u00e9ka\u0159stv\u00ed (Forensic Medicine): Miroslav Hirt, Prof., M.D., Ph.D. &#8211; Editor-in-Chief Dept. of Forensic Medicine, Tvrd\u00e9ho 2a, 662 99 Brno, Czech Republic E-mail:&nbsp;hirt@fnusa.cz","og_url":"https:\/\/www.cspatologie.cz\/en\/inzerce\/","og_site_name":"\u010cesko-Slovensk\u00e1 Patalogie","article_modified_time":"2026-02-25T07:18:31+00:00","twitter_card":"summary_large_image","twitter_misc":{"Est. reading time":"1 minute"},"schema":{"@context":"https:\/\/schema.org","@graph":[{"@type":"WebPage","@id":"https:\/\/www.cspatologie.cz\/en\/inzerce\/","url":"https:\/\/www.cspatologie.cz\/en\/inzerce\/","name":"Instructions for Authors - \u010cesko-Slovensk\u00e1 Patalogie","isPartOf":{"@id":"https:\/\/www.cspatologie.cz\/en\/#website"},"datePublished":"2025-08-25T01:51:59+00:00","dateModified":"2026-02-25T07:18:31+00:00","breadcrumb":{"@id":"https:\/\/www.cspatologie.cz\/en\/inzerce\/#breadcrumb"},"inLanguage":"en-US","potentialAction":[{"@type":"ReadAction","target":["https:\/\/www.cspatologie.cz\/en\/inzerce\/"]}]},{"@type":"BreadcrumbList","@id":"https:\/\/www.cspatologie.cz\/en\/inzerce\/#breadcrumb","itemListElement":[{"@type":"ListItem","position":1,"name":"Dom\u016f","item":"https:\/\/www.cspatologie.cz\/en\/"},{"@type":"ListItem","position":2,"name":"Instructions for Authors"}]},{"@type":"WebSite","@id":"https:\/\/www.cspatologie.cz\/en\/#website","url":"https:\/\/www.cspatologie.cz\/en\/","name":"\u010cesko-Slovensk\u00e1 Patalogie","description":"","potentialAction":[{"@type":"SearchAction","target":{"@type":"EntryPoint","urlTemplate":"https:\/\/www.cspatologie.cz\/en\/?s={search_term_string}"},"query-input":{"@type":"PropertyValueSpecification","valueRequired":true,"valueName":"search_term_string"}}],"inLanguage":"en-US"}]}},"_links":{"self":[{"href":"https:\/\/www.cspatologie.cz\/en\/wp-json\/wp\/v2\/pages\/83","targetHints":{"allow":["GET"]}}],"collection":[{"href":"https:\/\/www.cspatologie.cz\/en\/wp-json\/wp\/v2\/pages"}],"about":[{"href":"https:\/\/www.cspatologie.cz\/en\/wp-json\/wp\/v2\/types\/page"}],"author":[{"embeddable":true,"href":"https:\/\/www.cspatologie.cz\/en\/wp-json\/wp\/v2\/users\/1"}],"replies":[{"embeddable":true,"href":"https:\/\/www.cspatologie.cz\/en\/wp-json\/wp\/v2\/comments?post=83"}],"version-history":[{"count":16,"href":"https:\/\/www.cspatologie.cz\/en\/wp-json\/wp\/v2\/pages\/83\/revisions"}],"predecessor-version":[{"id":3142,"href":"https:\/\/www.cspatologie.cz\/en\/wp-json\/wp\/v2\/pages\/83\/revisions\/3142"}],"wp:attachment":[{"href":"https:\/\/www.cspatologie.cz\/en\/wp-json\/wp\/v2\/media?parent=83"}],"curies":[{"name":"wp","href":"https:\/\/api.w.org\/{rel}","templated":true}]}}