{"id":81,"date":"2025-08-25T03:51:47","date_gmt":"2025-08-25T01:51:47","guid":{"rendered":"https:\/\/www.tomashlad.eu\/klient\/cspatologie\/?page_id=81"},"modified":"2025-11-04T21:36:55","modified_gmt":"2025-11-04T20:36:55","slug":"redakce-a-vydavatel","status":"publish","type":"page","link":"https:\/\/www.cspatologie.cz\/en\/redakce-a-vydavatel\/","title":{"rendered":"Advertising &#038; Subscription"},"content":{"rendered":"\n<h2 class=\"wp-block-heading\">Advertising<\/h2>\n\n\n\n<p><strong>Print Display Advertising<\/strong><\/p>\n\n\n\n<p>For print advertising opportunities please contact \u010cesk\u00e1 patologie o.s.<br>tel.: 251 566 585<br>e-mail:&nbsp;<strong><em><a href=\"mailto:tiskarnaprager@prager-print.cz\">tiskarnaprager@prager-print.cz<\/a><\/em><\/strong><\/p>\n\n\n\n<p><strong>Online Display Advertising<\/strong><\/p>\n\n\n\n<p>For information about online advertising please contact <strong>Marek Uhrin, M.D.<\/strong><br>Boleslavova 148, 500 08 Hradec Kr\u00e1lov\u00e9 8<br>e-mail:\u00a0<strong><em><a href=\"mailto:uhrin@uhrin.cz\">uhrin@uhrin.cz<\/a><\/em><\/strong><\/p>\n\n\n\n<h2 class=\"wp-block-heading\">Subscription<\/h2>\n\n\n\n<p>Subscriptions to&nbsp;<em>Czecho-Slovak Pathology and Forensic Medicine<\/em>&nbsp;are managed through&nbsp;<em>Myris Trade s. r. o.<\/em><\/p>\n\n\n\n<p><strong>Myris Trade s. r. o.<\/strong><br>V \u0160t\u00edhl\u00e1ch 1311\/3, P. O. Box 2, 142 01 Praha 4, Czech Republic<br>e-mail:&nbsp;<strong><em><a href=\"mailto:myris@myris.cz\">myris@myris.cz<\/a><\/em><\/strong><br>tel.: +420&nbsp;234&nbsp;035&nbsp;200<br>fax: +420&nbsp;234&nbsp;035&nbsp;207<\/p>\n","protected":false},"excerpt":{"rendered":"<p>Advertising Print Display Advertising For print advertising opportunities please contact \u010cesk\u00e1 patologie o.s.tel.: 251 566 585e-mail:&nbsp;tiskarnaprager@prager-print.cz Online Display Advertising For information about online advertising please contact Marek Uhrin, M.D.Boleslavova 148, 500 08 Hradec Kr\u00e1lov\u00e9 8e-mail:\u00a0uhrin@uhrin.cz Subscription Subscriptions to&nbsp;Czecho-Slovak Pathology and Forensic Medicine&nbsp;are managed through&nbsp;Myris Trade s. r. o. Myris Trade s. r. o.V \u0160t\u00edhl\u00e1ch 1311\/3, [&hellip;]<\/p>\n","protected":false},"author":1,"featured_media":0,"parent":0,"menu_order":0,"comment_status":"closed","ping_status":"closed","template":"","meta":{"_acf_changed":false,"footnotes":""},"class_list":["post-81","page","type-page","status-publish","hentry"],"acf":[],"yoast_head":"<!-- This site is optimized with the Yoast SEO plugin v25.7 - https:\/\/yoast.com\/wordpress\/plugins\/seo\/ -->\n<title>Advertising &amp; Subscription - \u010cesko-Slovensk\u00e1 Patalogie<\/title>\n<meta name=\"robots\" content=\"index, follow, max-snippet:-1, max-image-preview:large, max-video-preview:-1\" \/>\n<link rel=\"canonical\" href=\"https:\/\/www.cspatologie.cz\/en\/redakce-a-vydavatel\/\" \/>\n<meta property=\"og:locale\" content=\"en_US\" \/>\n<meta property=\"og:type\" content=\"article\" \/>\n<meta property=\"og:title\" content=\"Advertising &amp; Subscription - \u010cesko-Slovensk\u00e1 Patalogie\" \/>\n<meta property=\"og:description\" content=\"Advertising Print Display Advertising For print advertising opportunities please contact \u010cesk\u00e1 patologie o.s.tel.: 251 566 585e-mail:&nbsp;tiskarnaprager@prager-print.cz Online Display Advertising For information about online advertising please contact Marek Uhrin, M.D.Boleslavova 148, 500 08 Hradec Kr\u00e1lov\u00e9 8e-mail:\u00a0uhrin@uhrin.cz Subscription Subscriptions to&nbsp;Czecho-Slovak Pathology and Forensic Medicine&nbsp;are managed through&nbsp;Myris Trade s. r. o. Myris Trade s. r. o.V \u0160t\u00edhl\u00e1ch 1311\/3, [&hellip;]\" \/>\n<meta property=\"og:url\" content=\"https:\/\/www.cspatologie.cz\/en\/redakce-a-vydavatel\/\" \/>\n<meta property=\"og:site_name\" content=\"\u010cesko-Slovensk\u00e1 Patalogie\" \/>\n<meta property=\"article:modified_time\" content=\"2025-11-04T20:36:55+00:00\" \/>\n<meta name=\"twitter:card\" content=\"summary_large_image\" \/>\n<script type=\"application\/ld+json\" class=\"yoast-schema-graph\">{\"@context\":\"https:\/\/schema.org\",\"@graph\":[{\"@type\":\"WebPage\",\"@id\":\"https:\/\/www.cspatologie.cz\/en\/redakce-a-vydavatel\/\",\"url\":\"https:\/\/www.cspatologie.cz\/en\/redakce-a-vydavatel\/\",\"name\":\"Advertising & Subscription - \u010cesko-Slovensk\u00e1 Patalogie\",\"isPartOf\":{\"@id\":\"https:\/\/www.cspatologie.cz\/en\/#website\"},\"datePublished\":\"2025-08-25T01:51:47+00:00\",\"dateModified\":\"2025-11-04T20:36:55+00:00\",\"breadcrumb\":{\"@id\":\"https:\/\/www.cspatologie.cz\/en\/redakce-a-vydavatel\/#breadcrumb\"},\"inLanguage\":\"en-US\",\"potentialAction\":[{\"@type\":\"ReadAction\",\"target\":[\"https:\/\/www.cspatologie.cz\/en\/redakce-a-vydavatel\/\"]}]},{\"@type\":\"BreadcrumbList\",\"@id\":\"https:\/\/www.cspatologie.cz\/en\/redakce-a-vydavatel\/#breadcrumb\",\"itemListElement\":[{\"@type\":\"ListItem\",\"position\":1,\"name\":\"Dom\u016f\",\"item\":\"https:\/\/www.cspatologie.cz\/en\/\"},{\"@type\":\"ListItem\",\"position\":2,\"name\":\"Advertising &#038; Subscription\"}]},{\"@type\":\"WebSite\",\"@id\":\"https:\/\/www.cspatologie.cz\/en\/#website\",\"url\":\"https:\/\/www.cspatologie.cz\/en\/\",\"name\":\"\u010cesko-Slovensk\u00e1 Patalogie\",\"description\":\"\",\"potentialAction\":[{\"@type\":\"SearchAction\",\"target\":{\"@type\":\"EntryPoint\",\"urlTemplate\":\"https:\/\/www.cspatologie.cz\/en\/?s={search_term_string}\"},\"query-input\":{\"@type\":\"PropertyValueSpecification\",\"valueRequired\":true,\"valueName\":\"search_term_string\"}}],\"inLanguage\":\"en-US\"}]}<\/script>\n<!-- \/ Yoast SEO plugin. -->","yoast_head_json":{"title":"Advertising & Subscription - \u010cesko-Slovensk\u00e1 Patalogie","robots":{"index":"index","follow":"follow","max-snippet":"max-snippet:-1","max-image-preview":"max-image-preview:large","max-video-preview":"max-video-preview:-1"},"canonical":"https:\/\/www.cspatologie.cz\/en\/redakce-a-vydavatel\/","og_locale":"en_US","og_type":"article","og_title":"Advertising & Subscription - \u010cesko-Slovensk\u00e1 Patalogie","og_description":"Advertising Print Display Advertising For print advertising opportunities please contact \u010cesk\u00e1 patologie o.s.tel.: 251 566 585e-mail:&nbsp;tiskarnaprager@prager-print.cz Online Display Advertising For information about online advertising please contact Marek Uhrin, M.D.Boleslavova 148, 500 08 Hradec Kr\u00e1lov\u00e9 8e-mail:\u00a0uhrin@uhrin.cz Subscription Subscriptions to&nbsp;Czecho-Slovak Pathology and Forensic Medicine&nbsp;are managed through&nbsp;Myris Trade s. r. o. Myris Trade s. r. o.V \u0160t\u00edhl\u00e1ch 1311\/3, [&hellip;]","og_url":"https:\/\/www.cspatologie.cz\/en\/redakce-a-vydavatel\/","og_site_name":"\u010cesko-Slovensk\u00e1 Patalogie","article_modified_time":"2025-11-04T20:36:55+00:00","twitter_card":"summary_large_image","schema":{"@context":"https:\/\/schema.org","@graph":[{"@type":"WebPage","@id":"https:\/\/www.cspatologie.cz\/en\/redakce-a-vydavatel\/","url":"https:\/\/www.cspatologie.cz\/en\/redakce-a-vydavatel\/","name":"Advertising & Subscription - \u010cesko-Slovensk\u00e1 Patalogie","isPartOf":{"@id":"https:\/\/www.cspatologie.cz\/en\/#website"},"datePublished":"2025-08-25T01:51:47+00:00","dateModified":"2025-11-04T20:36:55+00:00","breadcrumb":{"@id":"https:\/\/www.cspatologie.cz\/en\/redakce-a-vydavatel\/#breadcrumb"},"inLanguage":"en-US","potentialAction":[{"@type":"ReadAction","target":["https:\/\/www.cspatologie.cz\/en\/redakce-a-vydavatel\/"]}]},{"@type":"BreadcrumbList","@id":"https:\/\/www.cspatologie.cz\/en\/redakce-a-vydavatel\/#breadcrumb","itemListElement":[{"@type":"ListItem","position":1,"name":"Dom\u016f","item":"https:\/\/www.cspatologie.cz\/en\/"},{"@type":"ListItem","position":2,"name":"Advertising &#038; Subscription"}]},{"@type":"WebSite","@id":"https:\/\/www.cspatologie.cz\/en\/#website","url":"https:\/\/www.cspatologie.cz\/en\/","name":"\u010cesko-Slovensk\u00e1 Patalogie","description":"","potentialAction":[{"@type":"SearchAction","target":{"@type":"EntryPoint","urlTemplate":"https:\/\/www.cspatologie.cz\/en\/?s={search_term_string}"},"query-input":{"@type":"PropertyValueSpecification","valueRequired":true,"valueName":"search_term_string"}}],"inLanguage":"en-US"}]}},"_links":{"self":[{"href":"https:\/\/www.cspatologie.cz\/en\/wp-json\/wp\/v2\/pages\/81","targetHints":{"allow":["GET"]}}],"collection":[{"href":"https:\/\/www.cspatologie.cz\/en\/wp-json\/wp\/v2\/pages"}],"about":[{"href":"https:\/\/www.cspatologie.cz\/en\/wp-json\/wp\/v2\/types\/page"}],"author":[{"embeddable":true,"href":"https:\/\/www.cspatologie.cz\/en\/wp-json\/wp\/v2\/users\/1"}],"replies":[{"embeddable":true,"href":"https:\/\/www.cspatologie.cz\/en\/wp-json\/wp\/v2\/comments?post=81"}],"version-history":[{"count":11,"href":"https:\/\/www.cspatologie.cz\/en\/wp-json\/wp\/v2\/pages\/81\/revisions"}],"predecessor-version":[{"id":1677,"href":"https:\/\/www.cspatologie.cz\/en\/wp-json\/wp\/v2\/pages\/81\/revisions\/1677"}],"wp:attachment":[{"href":"https:\/\/www.cspatologie.cz\/en\/wp-json\/wp\/v2\/media?parent=81"}],"curies":[{"name":"wp","href":"https:\/\/api.w.org\/{rel}","templated":true}]}}