{"id":13,"date":"2025-08-25T03:14:11","date_gmt":"2025-08-25T01:14:11","guid":{"rendered":"https:\/\/www.tomashlad.eu\/klient\/cspatologie\/?page_id=13"},"modified":"2025-11-04T20:40:16","modified_gmt":"2025-11-04T19:40:16","slug":"hlavni-strana","status":"publish","type":"page","link":"https:\/\/www.cspatologie.cz\/en\/","title":{"rendered":"Hlavn\u00ed strana"},"content":{"rendered":"\n<h2 class=\"wp-block-heading\">\u010cesko-slovensk\u00e1 patologie<br>Czecho-Slovak Pathology<\/h2>\n\n\n\n<p><br>Odborn\u00fd \u010dasopis \u010cesk\u00e9 spole\u010dnosti patolog\u016f \u010cLS JEP a Slovenskej spolo\u010dnosti patol\u00f3gov SLS. V ti\u0161t\u011bn\u00e9 verzi vych\u00e1z\u00ed spole\u010dn\u011b s \u010dasopisem <strong><a href=\"https:\/\/www.prolekare.cz\/specialist-agreement\">Soudn\u00ed l\u00e9ka\u0159stv\u00ed<\/a><\/strong> &#8211; \u010dasopisem \u010cesk\u00e9 a slovensk\u00e9 spole\u010dnosti soudn\u00edho l\u00e9ka\u0159stv\u00ed a toxikologie.<\/p>\n\n\n\n<p><strong>VYD\u00c1V\u00c1: \u00a9 \u010cesk\u00e1 l\u00e9ka\u0159sk\u00e1 spole\u010dnost J. E. Purkyn\u011b ve spolupr\u00e1ci s \u010ceskou patologi\u00ed, o.s.<br>\u010casopis vych\u00e1z\u00ed 4kr\u00e1t ro\u010dn\u011b.<br>ISSN (Print) 1210-7875, ISSN (On-line) 1805-4498<br>Registra\u010dn\u00ed zna\u010dka MK \u010cR E4905.<\/strong><\/p>\n\n\n\n<p><strong>Indexed in MEDLINE,<\/strong><br>Index Medicus, EBSCO-MEDLINE Complete, Biological Abstracts, Chemical Abstracts<br>Bibliographia medica \u010cechoslovaca (BM\u010c)<br>\u010casopis je indexov\u00e1n v Seznamu recenzovan\u00fdch neimpaktovan\u00fdch periodik Rady pro v\u00fdzkum a v\u00fdvoj \u010cR<\/p>\n","protected":false},"excerpt":{"rendered":"<p>\u010cesko-slovensk\u00e1 patologieCzecho-Slovak Pathology Odborn\u00fd \u010dasopis \u010cesk\u00e9 spole\u010dnosti patolog\u016f \u010cLS JEP a Slovenskej spolo\u010dnosti patol\u00f3gov SLS. V ti\u0161t\u011bn\u00e9 verzi vych\u00e1z\u00ed spole\u010dn\u011b s \u010dasopisem Soudn\u00ed l\u00e9ka\u0159stv\u00ed &#8211; \u010dasopisem \u010cesk\u00e9 a slovensk\u00e9 spole\u010dnosti soudn\u00edho l\u00e9ka\u0159stv\u00ed a toxikologie. VYD\u00c1V\u00c1: \u00a9 \u010cesk\u00e1 l\u00e9ka\u0159sk\u00e1 spole\u010dnost J. E. Purkyn\u011b ve spolupr\u00e1ci s \u010ceskou patologi\u00ed, o.s.\u010casopis vych\u00e1z\u00ed 4kr\u00e1t ro\u010dn\u011b.ISSN (Print) 1210-7875, ISSN (On-line) [&hellip;]<\/p>\n","protected":false},"author":1,"featured_media":0,"parent":0,"menu_order":0,"comment_status":"closed","ping_status":"closed","template":"","meta":{"_acf_changed":false,"footnotes":""},"class_list":["post-13","page","type-page","status-publish","hentry"],"acf":[],"yoast_head":"<!-- This site is optimized with the Yoast SEO plugin v25.7 - https:\/\/yoast.com\/wordpress\/plugins\/seo\/ -->\n<title>\u010cesko-Slovensk\u00e1 Patalogie<\/title>\n<meta name=\"robots\" content=\"index, follow, max-snippet:-1, max-image-preview:large, max-video-preview:-1\" \/>\n<link rel=\"canonical\" href=\"https:\/\/www.cspatologie.cz\/en\/\" \/>\n<meta property=\"og:locale\" content=\"en_US\" \/>\n<meta property=\"og:type\" content=\"article\" \/>\n<meta property=\"og:title\" content=\"\u010cesko-Slovensk\u00e1 Patalogie\" \/>\n<meta property=\"og:description\" content=\"\u010cesko-slovensk\u00e1 patologieCzecho-Slovak Pathology Odborn\u00fd \u010dasopis \u010cesk\u00e9 spole\u010dnosti patolog\u016f \u010cLS JEP a Slovenskej spolo\u010dnosti patol\u00f3gov SLS. V ti\u0161t\u011bn\u00e9 verzi vych\u00e1z\u00ed spole\u010dn\u011b s \u010dasopisem Soudn\u00ed l\u00e9ka\u0159stv\u00ed &#8211; \u010dasopisem \u010cesk\u00e9 a slovensk\u00e9 spole\u010dnosti soudn\u00edho l\u00e9ka\u0159stv\u00ed a toxikologie. VYD\u00c1V\u00c1: \u00a9 \u010cesk\u00e1 l\u00e9ka\u0159sk\u00e1 spole\u010dnost J. E. Purkyn\u011b ve spolupr\u00e1ci s \u010ceskou patologi\u00ed, o.s.\u010casopis vych\u00e1z\u00ed 4kr\u00e1t ro\u010dn\u011b.ISSN (Print) 1210-7875, ISSN (On-line) [&hellip;]\" \/>\n<meta property=\"og:url\" content=\"https:\/\/www.cspatologie.cz\/en\/\" \/>\n<meta property=\"og:site_name\" content=\"\u010cesko-Slovensk\u00e1 Patalogie\" \/>\n<meta property=\"article:modified_time\" content=\"2025-11-04T19:40:16+00:00\" \/>\n<meta name=\"twitter:card\" content=\"summary_large_image\" \/>\n<meta name=\"twitter:label1\" content=\"Est. reading time\" \/>\n\t<meta name=\"twitter:data1\" content=\"1 minute\" \/>\n<script type=\"application\/ld+json\" class=\"yoast-schema-graph\">{\"@context\":\"https:\/\/schema.org\",\"@graph\":[{\"@type\":\"WebPage\",\"@id\":\"https:\/\/www.cspatologie.cz\/en\/\",\"url\":\"https:\/\/www.cspatologie.cz\/en\/\",\"name\":\"\u010cesko-Slovensk\u00e1 Patalogie\",\"isPartOf\":{\"@id\":\"https:\/\/www.cspatologie.cz\/en\/#website\"},\"datePublished\":\"2025-08-25T01:14:11+00:00\",\"dateModified\":\"2025-11-04T19:40:16+00:00\",\"breadcrumb\":{\"@id\":\"https:\/\/www.cspatologie.cz\/en\/#breadcrumb\"},\"inLanguage\":\"en-US\",\"potentialAction\":[{\"@type\":\"ReadAction\",\"target\":[\"https:\/\/www.cspatologie.cz\/en\/\"]}]},{\"@type\":\"BreadcrumbList\",\"@id\":\"https:\/\/www.cspatologie.cz\/en\/#breadcrumb\",\"itemListElement\":[{\"@type\":\"ListItem\",\"position\":1,\"name\":\"Dom\u016f\",\"item\":\"https:\/\/www.cspatologie.cz\/en\/\"},{\"@type\":\"ListItem\",\"position\":2,\"name\":\"Hlavn\u00ed strana\"}]},{\"@type\":\"WebSite\",\"@id\":\"https:\/\/www.cspatologie.cz\/en\/#website\",\"url\":\"https:\/\/www.cspatologie.cz\/en\/\",\"name\":\"\u010cesko-Slovensk\u00e1 Patalogie\",\"description\":\"\",\"potentialAction\":[{\"@type\":\"SearchAction\",\"target\":{\"@type\":\"EntryPoint\",\"urlTemplate\":\"https:\/\/www.cspatologie.cz\/en\/?s={search_term_string}\"},\"query-input\":{\"@type\":\"PropertyValueSpecification\",\"valueRequired\":true,\"valueName\":\"search_term_string\"}}],\"inLanguage\":\"en-US\"}]}<\/script>\n<!-- \/ Yoast SEO plugin. -->","yoast_head_json":{"title":"\u010cesko-Slovensk\u00e1 Patalogie","robots":{"index":"index","follow":"follow","max-snippet":"max-snippet:-1","max-image-preview":"max-image-preview:large","max-video-preview":"max-video-preview:-1"},"canonical":"https:\/\/www.cspatologie.cz\/en\/","og_locale":"en_US","og_type":"article","og_title":"\u010cesko-Slovensk\u00e1 Patalogie","og_description":"\u010cesko-slovensk\u00e1 patologieCzecho-Slovak Pathology Odborn\u00fd \u010dasopis \u010cesk\u00e9 spole\u010dnosti patolog\u016f \u010cLS JEP a Slovenskej spolo\u010dnosti patol\u00f3gov SLS. V ti\u0161t\u011bn\u00e9 verzi vych\u00e1z\u00ed spole\u010dn\u011b s \u010dasopisem Soudn\u00ed l\u00e9ka\u0159stv\u00ed &#8211; \u010dasopisem \u010cesk\u00e9 a slovensk\u00e9 spole\u010dnosti soudn\u00edho l\u00e9ka\u0159stv\u00ed a toxikologie. VYD\u00c1V\u00c1: \u00a9 \u010cesk\u00e1 l\u00e9ka\u0159sk\u00e1 spole\u010dnost J. E. Purkyn\u011b ve spolupr\u00e1ci s \u010ceskou patologi\u00ed, o.s.\u010casopis vych\u00e1z\u00ed 4kr\u00e1t ro\u010dn\u011b.ISSN (Print) 1210-7875, ISSN (On-line) [&hellip;]","og_url":"https:\/\/www.cspatologie.cz\/en\/","og_site_name":"\u010cesko-Slovensk\u00e1 Patalogie","article_modified_time":"2025-11-04T19:40:16+00:00","twitter_card":"summary_large_image","twitter_misc":{"Est. reading time":"1 minute"},"schema":{"@context":"https:\/\/schema.org","@graph":[{"@type":"WebPage","@id":"https:\/\/www.cspatologie.cz\/en\/","url":"https:\/\/www.cspatologie.cz\/en\/","name":"\u010cesko-Slovensk\u00e1 Patalogie","isPartOf":{"@id":"https:\/\/www.cspatologie.cz\/en\/#website"},"datePublished":"2025-08-25T01:14:11+00:00","dateModified":"2025-11-04T19:40:16+00:00","breadcrumb":{"@id":"https:\/\/www.cspatologie.cz\/en\/#breadcrumb"},"inLanguage":"en-US","potentialAction":[{"@type":"ReadAction","target":["https:\/\/www.cspatologie.cz\/en\/"]}]},{"@type":"BreadcrumbList","@id":"https:\/\/www.cspatologie.cz\/en\/#breadcrumb","itemListElement":[{"@type":"ListItem","position":1,"name":"Dom\u016f","item":"https:\/\/www.cspatologie.cz\/en\/"},{"@type":"ListItem","position":2,"name":"Hlavn\u00ed strana"}]},{"@type":"WebSite","@id":"https:\/\/www.cspatologie.cz\/en\/#website","url":"https:\/\/www.cspatologie.cz\/en\/","name":"\u010cesko-Slovensk\u00e1 Patalogie","description":"","potentialAction":[{"@type":"SearchAction","target":{"@type":"EntryPoint","urlTemplate":"https:\/\/www.cspatologie.cz\/en\/?s={search_term_string}"},"query-input":{"@type":"PropertyValueSpecification","valueRequired":true,"valueName":"search_term_string"}}],"inLanguage":"en-US"}]}},"_links":{"self":[{"href":"https:\/\/www.cspatologie.cz\/en\/wp-json\/wp\/v2\/pages\/13","targetHints":{"allow":["GET"]}}],"collection":[{"href":"https:\/\/www.cspatologie.cz\/en\/wp-json\/wp\/v2\/pages"}],"about":[{"href":"https:\/\/www.cspatologie.cz\/en\/wp-json\/wp\/v2\/types\/page"}],"author":[{"embeddable":true,"href":"https:\/\/www.cspatologie.cz\/en\/wp-json\/wp\/v2\/users\/1"}],"replies":[{"embeddable":true,"href":"https:\/\/www.cspatologie.cz\/en\/wp-json\/wp\/v2\/comments?post=13"}],"version-history":[{"count":18,"href":"https:\/\/www.cspatologie.cz\/en\/wp-json\/wp\/v2\/pages\/13\/revisions"}],"predecessor-version":[{"id":1654,"href":"https:\/\/www.cspatologie.cz\/en\/wp-json\/wp\/v2\/pages\/13\/revisions\/1654"}],"wp:attachment":[{"href":"https:\/\/www.cspatologie.cz\/en\/wp-json\/wp\/v2\/media?parent=13"}],"curies":[{"name":"wp","href":"https:\/\/api.w.org\/{rel}","templated":true}]}}